{"id":1308,"date":"2015-11-13T09:21:30","date_gmt":"2015-11-13T08:21:30","guid":{"rendered":"http:\/\/www.aubeterresurdronne.com\/?page_id=1308"},"modified":"2026-03-25T14:27:02","modified_gmt":"2026-03-25T13:27:02","slug":"le-conseil-municipal","status":"publish","type":"page","link":"https:\/\/www.aubeterresurdronne.com\/?page_id=1308","title":{"rendered":"Le conseil municipal"},"content":{"rendered":"<section class=\"kc-elm kc-css-273718 kc_row\"><div class=\"kc-row-container  kc-container\"><div class=\"kc-wrap-columns\"><div class=\"kc-elm kc-css-842826 kc_col-sm-12 kc_column kc_col-sm-12\"><div class=\"kc-col-container\">\n<div class=\"kc-elm kc-css-770366 kc-title-wrap \">\n\n\t<h3 class=\"kc_title\">Le conseil municipal<\/h3>\n<\/div>\n<div class=\"kc-elm kc-css-934544 kc_text_block\"><\/p>\n<h5>Le maire de Aubeterre-sur-Dronne est Mme&nbsp; Annie Camps, elle a \u00e9t\u00e9 \u00e9lu en 2026 pour un mandat de 6 ans (jusqu&rsquo;\u00e0 2032).<\/h5>\n<p>Mme Annie CAMPS Maire<br \/>M Daniel POUPEAU 1er adjoint<br \/>Mme Raquel PERERA DONET \u00e9p LAPOUGE 2nd adjoint<br \/>M Jean-Paul LAFRAIS 3\u00e8me adjoint<br \/>M. Beno\u00eet BONIFACE Conseiller<br \/>Mme Isabelle CHAIGNE \u00e9p ROQUE Conseill\u00e8re<br \/>M Charles CRAMAILH Conseiller<br \/>M Nicholas GROOM Conseiller<br \/>M Anne-Marie JONQUA Conseill\u00e8re<br \/>M Marylene JONQUA&nbsp; MARTIN Conseill\u00e8re<br \/>M Muriel POUPEAU Conseill\u00e8re<\/p>\n<p>\n<\/div><\/div><\/div><\/div><\/div><\/section>\n","protected":false},"excerpt":{"rendered":"","protected":false},"author":1,"featured_media":0,"parent":1279,"menu_order":3,"comment_status":"closed","ping_status":"closed","template":"full-width-page.php","meta":[],"_links":{"self":[{"href":"https:\/\/www.aubeterresurdronne.com\/index.php?rest_route=\/wp\/v2\/pages\/1308"}],"collection":[{"href":"https:\/\/www.aubeterresurdronne.com\/index.php?rest_route=\/wp\/v2\/pages"}],"about":[{"href":"https:\/\/www.aubeterresurdronne.com\/index.php?rest_route=\/wp\/v2\/types\/page"}],"author":[{"embeddable":true,"href":"https:\/\/www.aubeterresurdronne.com\/index.php?rest_route=\/wp\/v2\/users\/1"}],"replies":[{"embeddable":true,"href":"https:\/\/www.aubeterresurdronne.com\/index.php?rest_route=%2Fwp%2Fv2%2Fcomments&post=1308"}],"version-history":[{"count":2,"href":"https:\/\/www.aubeterresurdronne.com\/index.php?rest_route=\/wp\/v2\/pages\/1308\/revisions"}],"predecessor-version":[{"id":5470,"href":"https:\/\/www.aubeterresurdronne.com\/index.php?rest_route=\/wp\/v2\/pages\/1308\/revisions\/5470"}],"up":[{"embeddable":true,"href":"https:\/\/www.aubeterresurdronne.com\/index.php?rest_route=\/wp\/v2\/pages\/1279"}],"wp:attachment":[{"href":"https:\/\/www.aubeterresurdronne.com\/index.php?rest_route=%2Fwp%2Fv2%2Fmedia&parent=1308"}],"curies":[{"name":"wp","href":"https:\/\/api.w.org\/{rel}","templated":true}]}}