{"id":1481,"date":"2015-11-24T18:10:17","date_gmt":"2015-11-24T17:10:17","guid":{"rendered":"http:\/\/www.aubeterresurdronne.com\/?page_id=1481"},"modified":"2020-06-11T14:51:08","modified_gmt":"2020-06-11T12:51:08","slug":"les-arretes-du-maire","status":"publish","type":"page","link":"https:\/\/www.aubeterresurdronne.com\/?page_id=1481","title":{"rendered":"Les arr\u00eat\u00e9s du Maire"},"content":{"rendered":"<section class=\"kc-elm kc-css-938148 kc_row\"><div class=\"kc-row-container  kc-container\"><div class=\"kc-wrap-columns\"><div class=\"kc-elm kc-css-154396 kc_col-sm-12 kc_column kc_col-sm-12\"><div class=\"kc-col-container\">\n<div class=\"kc-elm kc-css-651078 kc-title-wrap \">\n\n\t<h3 class=\"kc_title\">Les arr\u00eat\u00e9s du Maire<\/h3>\n<\/div>\n<div class=\"kc-elm kc-css-533578 kc-raw-code\"><div class=\"display-posts-listing\"><div class=\"listing-item\"><a class=\"title\" href=\"https:\/\/www.aubeterresurdronne.com\/?p=5046\">Arr\u00eat\u00e9 ordonnant des op\u00e9rations de r\u00e9gulations de pigeons<\/a><\/div><div class=\"listing-item\"><a class=\"title\" href=\"https:\/\/www.aubeterresurdronne.com\/?p=4994\">Panneaux publicitaires<\/a><\/div><div class=\"listing-item\"><a class=\"title\" href=\"https:\/\/www.aubeterresurdronne.com\/?p=4991\">Barbecues<\/a><\/div><div class=\"listing-item\"><a class=\"title\" href=\"https:\/\/www.aubeterresurdronne.com\/?p=4970\">Circulation et Sationnement<\/a><\/div><div class=\"listing-item\"><a class=\"title\" href=\"https:\/\/www.aubeterresurdronne.com\/?p=4962\">Base de loisirs<\/a><\/div><div class=\"listing-item\"><a class=\"title\" href=\"https:\/\/www.aubeterresurdronne.com\/?p=4958\">Arr\u00eat\u00e9 interdisant la divagation des chiens et des chats<\/a><\/div><div class=\"listing-item\"><a class=\"title\" href=\"https:\/\/www.aubeterresurdronne.com\/?p=4561\">R\u00e8glement fixant les r\u00e8gles d&rsquo;occupation du domaine public<\/a><\/div><\/div><\/div><div class=\"kc-elm kc-css-709341 kc-raw-code\"><\/div><\/div><\/div><\/div><\/div><\/section>\n","protected":false},"excerpt":{"rendered":"","protected":false},"author":1,"featured_media":0,"parent":1279,"menu_order":5,"comment_status":"closed","ping_status":"closed","template":"full-width-page-no-slides.php","meta":[],"_links":{"self":[{"href":"https:\/\/www.aubeterresurdronne.com\/index.php?rest_route=\/wp\/v2\/pages\/1481"}],"collection":[{"href":"https:\/\/www.aubeterresurdronne.com\/index.php?rest_route=\/wp\/v2\/pages"}],"about":[{"href":"https:\/\/www.aubeterresurdronne.com\/index.php?rest_route=\/wp\/v2\/types\/page"}],"author":[{"embeddable":true,"href":"https:\/\/www.aubeterresurdronne.com\/index.php?rest_route=\/wp\/v2\/users\/1"}],"replies":[{"embeddable":true,"href":"https:\/\/www.aubeterresurdronne.com\/index.php?rest_route=%2Fwp%2Fv2%2Fcomments&post=1481"}],"version-history":[{"count":0,"href":"https:\/\/www.aubeterresurdronne.com\/index.php?rest_route=\/wp\/v2\/pages\/1481\/revisions"}],"up":[{"embeddable":true,"href":"https:\/\/www.aubeterresurdronne.com\/index.php?rest_route=\/wp\/v2\/pages\/1279"}],"wp:attachment":[{"href":"https:\/\/www.aubeterresurdronne.com\/index.php?rest_route=%2Fwp%2Fv2%2Fmedia&parent=1481"}],"curies":[{"name":"wp","href":"https:\/\/api.w.org\/{rel}","templated":true}]}}