{"id":3917,"date":"2020-06-11T14:49:02","date_gmt":"2020-06-11T12:49:02","guid":{"rendered":"https:\/\/www.aubeterresurdronne.com\/?page_id=3917"},"modified":"2020-06-11T14:49:02","modified_gmt":"2020-06-11T12:49:02","slug":"the-municipal-council","status":"publish","type":"page","link":"https:\/\/www.aubeterresurdronne.com\/?page_id=3917&lang=en","title":{"rendered":"The municipal council"},"content":{"rendered":"<section class=\"kc-elm kc-css-577994 kc_row\"><div class=\"kc-row-container  kc-container\"><div class=\"kc-wrap-columns\"><div class=\"kc-elm kc-css-980359 kc_col-sm-12 kc_column kc_col-sm-12\"><div class=\"kc-col-container\">\n<div class=\"kc-elm kc-css-62444 kc-title-wrap \">\n\n\t<h3 class=\"kc_title\">The municipal council<\/h3>\n<\/div>\n<div class=\"kc-elm kc-css-465117 kc_text_block\"><\/p>\n<h5>Le maire de Aubeterre-sur-Dronne est M. Charles Audoin il a \u00e9t\u00e9 \u00e9lu en 2020 pour un mandat de 6 ans (jusqu&#039;\u00e0 2026).<\/h5>\n<p>M. Charles Audoin Maire<br \/>M. Daniel Poupeau Ajoint au Maire D\u00e9l\u00e9gation : Solidarit\u00e9, Aide sociale, S\u00e9curit\u00e9, Am\u00e9nagements et Services<br \/>M. Samuel Montigaud Ajoint au Maire D\u00e9l\u00e9gation : Communication,  Tourisme, Commerces, March\u00e9<br \/>M. Xavier Maffre Ajoint au Maire D\u00e9l\u00e9gation :  Voirie, Culture, Environnement, Espaces verts, Sports,  Associations <br \/>Mme Charreton Evelyne Conseill\u00e8re Municipale<br \/>Mme Jonqua Anne-Marie Conseill\u00e8re Municipale<br \/>Mme Jonqua-Martin Maryl\u00e8ne Conseill\u00e8re Municipale<br \/>Mme Al\u00e9p\u00e9e Anne-Marie Conseill\u00e8re Municipale<br \/>M. Lafrais Jean-Paul Conseiler Municipal<br \/>Mme Cadiot Cl\u00e9mence Conseill\u00e8re Municipale<br \/>Mme M\u00e9tayer Maryse Conseill\u00e8re Municipale<\/p>\n<p>\n<\/div><div class=\"kc-elm kc-css-74455 kc_shortcode kc_single_image\">\n\n        <img src=\"https:\/\/www.aubeterresurdronne.com\/wp-content\/uploads\/2020\/06\/conseil.png\" class=\"\" alt=\"\" \/>    \t    <p class=\"scapt\">Conseil Municipal 2014<\/p>\n\t    <\/div>\n<\/div><\/div><\/div><\/div><\/section>\n","protected":false},"excerpt":{"rendered":"","protected":false},"author":1,"featured_media":0,"parent":3910,"menu_order":3,"comment_status":"closed","ping_status":"closed","template":"full-width-page.php","meta":[],"_links":{"self":[{"href":"https:\/\/www.aubeterresurdronne.com\/index.php?rest_route=\/wp\/v2\/pages\/3917"}],"collection":[{"href":"https:\/\/www.aubeterresurdronne.com\/index.php?rest_route=\/wp\/v2\/pages"}],"about":[{"href":"https:\/\/www.aubeterresurdronne.com\/index.php?rest_route=\/wp\/v2\/types\/page"}],"author":[{"embeddable":true,"href":"https:\/\/www.aubeterresurdronne.com\/index.php?rest_route=\/wp\/v2\/users\/1"}],"replies":[{"embeddable":true,"href":"https:\/\/www.aubeterresurdronne.com\/index.php?rest_route=%2Fwp%2Fv2%2Fcomments&post=3917"}],"version-history":[{"count":0,"href":"https:\/\/www.aubeterresurdronne.com\/index.php?rest_route=\/wp\/v2\/pages\/3917\/revisions"}],"up":[{"embeddable":true,"href":"https:\/\/www.aubeterresurdronne.com\/index.php?rest_route=\/wp\/v2\/pages\/3910"}],"wp:attachment":[{"href":"https:\/\/www.aubeterresurdronne.com\/index.php?rest_route=%2Fwp%2Fv2%2Fmedia&parent=3917"}],"curies":[{"name":"wp","href":"https:\/\/api.w.org\/{rel}","templated":true}]}}