{"id":42,"date":"2014-02-06T13:19:10","date_gmt":"2014-02-06T12:19:10","guid":{"rendered":"http:\/\/s513976250.onlinehome.fr\/?page_id=42"},"modified":"2020-06-11T15:13:47","modified_gmt":"2020-06-11T13:13:47","slug":"patrimoine","status":"publish","type":"page","link":"https:\/\/www.aubeterresurdronne.com\/?page_id=42","title":{"rendered":"Patrimoine"},"content":{"rendered":"<section class=\"kc-elm kc-css-639537 kc_row\"><div class=\"kc-row-container  kc-container\"><div class=\"kc-wrap-columns\"><div class=\"kc-elm kc-css-610428 kc_col-sm-12 kc_column kc_col-sm-12\"><div class=\"kc-col-container\">\n<div class=\"kc-elm kc-css-553465 divider_line\">\n\t<div class=\"divider_inner divider_line3\">\n\t\t<span class=\"line_text\">L:apos:Histoire<\/span>\t<\/div>\n<\/div>\n<div class=\"kc-elm kc-css-878597 kc_text_block\"><\/p>\n<p><img decoding=\"async\" class=\"alignright\" src=\"https:\/\/www.aubeterresurdronne.com\/wp-content\/uploads\/2019\/04\/convent.jpg\" alt=\"\" width=\"311\" height=\"207\" \/><strong>Le couvent des Minimes<\/strong>, fond\u00e9 en 1617 par le marquis d\u2019Aubeterre Fran\u00e7ois d\u2019Esparb\u00e8s de Lussan et sa femme est aujourd\u2019hui propri\u00e9t\u00e9 priv\u00e9e (Maison de Retraite). Seule la chapelle est accessible au public.<br \/>Une dizaine de moines venus de la maison-m\u00e8re de Blaye en Gironde s\u2019install\u00e8rent \u00e0 Aubeterre au d\u00e9but du XVIIe si\u00e8cle. Les Minimes font partie des grands ordres mendiants, comme les Franciscains (Cordeliers) dont ils sont issus. Arriv\u00e9s \u00e0 Aubeterre suite \u00e0 la Contre-R\u00e9forme, ils vont reprendre en main l\u2019autorit\u00e9 religieuse. Architecture classique d\u00e9but XVIIe dans la structure d\u2019ensemble, mais m\u00e9lange des styles : gothique tardif pour les baies, les vo\u00fbtes d\u2019ogives retombent sur des consoles baroques. A l\u2019origine, le plan int\u00e9rieur se composait de quarte trav\u00e9es, d\u2019une nef unique avec deux chapelles lat\u00e9rales et d\u2019un chevet plat.. retable<\/p>\n<p>Le grand retable classique d\u00e9but XVIIIe si\u00e8cle surprend. Il est rare de voir des retables en pierre aussi grands dans nos \u00e9glises de campagne ; ils sont plut\u00f4t de style baroque, en bois peint. Ici, les grandes colonnes corinthiennes surmont\u00e9es d\u2019un entablement sculpt\u00e9 et d\u2019un important fronton en font un exemple parfait de ce go\u00fbt prononc\u00e9 pour un retour \u00e0 l\u2019antique. En dessous du retable, un relief sculpt\u00e9 et peint montre une composition sym\u00e9trique d\u2019anges tenant dans leurs mains des soleils.<br \/>Le clo\u00eetre aux lignes pures, atmosph\u00e8re min\u00e9rale et lumineuse, ressemble fortement \u00e0 celui de Blaye, maison-m\u00e8re des <strong>Minimes d\u2019Aubeterre.<\/strong><\/p>\n<p>La qualit\u00e9 de la taille de la pierre et l\u2019agencement des volumes font de ce clo\u00eetre une r\u00e9ussite architecturale. L\u00e0 encore, peu de clo\u00eetres sont encore intacts dans la r\u00e9gion : \u00e0 Chalais, Cognac ou La Rochefoucauld.<\/p>\n<p>Etablis \u00e0 Aubeterre depuis le XIIIe si\u00e8cle, les Cordeliers \u00e9taient puissants et poss\u00e9daient de nombreuses terres et d\u00e9pendances. Ils avaient aussi en charge l\u2019H\u00f4pital dans le bas du village : ils accueillaient et soignaient les p\u00e8lerins de Compostelle.<br \/>Aujourd\u2019hui, sur un mur d\u2019une maison particuli\u00e8re, seules une arcade visible et trois baies aveugles orn\u00e9es d\u2019une coquille Saint-Jacques (ici motif ornemental de la Renaissance italienne repris dans l\u2019architecture classique \u00e0 la fran\u00e7aise) sont tout ce qu\u2019il reste de la chapelle du monast\u00e8re des Cordeliers. Leur monast\u00e8re d\u00e9truit pendant les guerres de Religion, eux-m\u00eames chass\u00e9s, les Cordeliers seront remplac\u00e9s \u00e0 Aubeterre par les moines Minimes.<\/p>\n<p><img decoding=\"async\" class=\"alignleft\" src=\"https:\/\/www.aubeterresurdronne.com\/wp-content\/uploads\/2019\/04\/aubeterre_sur_drome-7319934.jpg\" alt=\"\" width=\"311\" height=\"233\" \/>A partir de 1620, la congr\u00e9gation des <strong>S\u0153urs de Sainte-Claire<\/strong> s\u2019installe dans le village. Elles accueillaient les filles de bonne famille venues se retirer dans ce couvent. Apr\u00e8s la R\u00e9volution, l\u2019ancien couvent comme les autres biens religieux sont vendus en biens nationaux. Depuis ce jour, l\u2019ancien couvent des Clarisses est une grande propri\u00e9t\u00e9 priv\u00e9e dont la fa\u00e7ade s\u2019ouvre par un proche surmont\u00e9 d\u2019une tour d\u00e9but XVIIe. Cette tour, surmont\u00e9e de m\u00e2chicoulis sur consoles et d\u2019un chemin de ronde, t\u00e9moigne du pass\u00e9 militaire du b\u00e2timent : Avant d\u2019\u00eatre un couvent de nonnes, c\u2019\u00e9tait un bastion qui prot\u00e9geait le haut de la cit\u00e9, faisant face au ch\u00e2teau dominant \u00e9galement la vall\u00e9e de la Dronne.<br \/><strong>Ne restent de l\u2019ancien ch\u00e2teau f\u00e9odal que le ch\u00e2telet d\u2019entr\u00e9e du XVIe si\u00e8cle<\/strong> et les communs transform\u00e9s aujourd\u2019hui en habitation. Le corps de logis a \u00e9t\u00e9 compl\u00e8tement d\u00e9mantel\u00e9 quand son dernier propri\u00e9taire l\u2019a vendu pierre par pierre en 1820.<br \/>En descendant la rue St-Jacques vers la place principale, le panorama du ch\u00e2teau sur la falaise, avec les maisons aux balcons de bois en contrebas, rappelle ces petits villages du Sud.<\/p>\n<p>\n<\/div>\n<div class=\"kc-elm kc-css-998834 divider_line\">\n\t<div class=\"divider_inner divider_line3\">\n\t\t<span class=\"line_text\">Ludovic TRARIEUX <\/span>\t<\/div>\n<\/div>\n<div class=\"kc-elm kc-css-226322 kc_text_block\"><\/p>\n<p><img decoding=\"async\" class=\"size-full alignleft\" src=\"https:\/\/www.aubeterresurdronne.com\/wp-content\/uploads\/2014\/02\/trarieux.jpg\" alt=\"\" width=\"125\" height=\"125\" \/><strong>Ludovic TRARIEUX<\/strong> est n\u00e9 \u00e0 Aubeterre le 30 novembre 1840.<br \/>Brillant \u00e9l\u00e8ve, il devient avocat \u00e0 22ans et b\u00e2tonnier \u00e0 37 ans au Barreau de Bordeaux.<br \/>D\u00e9put\u00e9 de la Gironde puis s\u00e9nateur jusqu&#039;\u00e0 sa mort, il sera aussi conseiller g\u00e9n\u00e9ral de la Charente en 1883 et nomm\u00e9 garde des sceaux en 1885. Il avait rejoint Paris en 1881. Le 19 d\u00e9cembre 1894 d\u00e9bute le proc\u00e8s du capitaine Dreyfus. Convaincu de son innocence, Trarieux va alors devenir l&#039;infatigable d\u00e9fenseur de l&#039;accus\u00e9 , sacrifiant sa carri\u00e8re professionnelle et sa carri\u00e8re politique. En d\u00e9savouant les militaires, en affrontant les nationalistes et les antis\u00e9mites, ce r\u00e9publicain fervent s&#039;engage alors dans une lutte passionn\u00e9e pour la d\u00e9fense de la libert\u00e9 et de la justice.<br \/>Durant le proc\u00e8s de Zola en 1898 pour lequel il t\u00e9moigne apr\u00e8s la publication du c\u00e9l\u00e8bre \u00ab J&#039;accuse \u00bb; il d\u00e9cide de fonder; apr\u00e8s en avoir r\u00e9dig\u00e9 les statuts avec quelques amis; ce qui va devenir le 4 juin<\/p>\n<p>1898, La Ligue Fran\u00e7aise pour la d\u00e9fense des droits de l&#039;homme et du citoyen, dont il sera le premier pr\u00e9sident. Le 4 juillet 1898, le premier manifeste de la ligue proclamait : \u00ab \u00e0 partir de ce jour, toute personne dont la libert\u00e9 serait menac\u00e9e ou dont le droit serait viol\u00e9, est assur\u00e9e de trouver aupr\u00e8s de nous aide et assistance.<br \/>Le 12 juillet 1906, la condamnation de Dreyfus est annul\u00e9e et il re\u00e7oit la l\u00e9gion d&#039;honneur. Trarieux est mort depuis deux ans mais la ligue des Droits de l&#039;Homme, forte de plusieurs milliers de membres dont le docteur Gaillardon d&#039;Aubeterre, se r\u00e9pand dans le monde et agit pour la d\u00e9fense des libert\u00e9s menac\u00e9es et de la d\u00e9mocratie politique.<br \/>En 1985, l&#039;institut des Droits de l&#039;Homme du barreau de Bordeaux cr\u00e9e un prix international Ludovic Trarieux, destin\u00e9 \u00ab \u00e0 \u00eatre d\u00e9cern\u00e9 \u00e0 un avocat qui aura illustr\u00e9 par son oeuvre, son activit\u00e9 ou ses souffrances, la d\u00e9fense des droits de l&#039;Homme et de la D\u00e9fense, la lutte contre le racisme et l&#039;intol\u00e9rance sous toutes ses formes \u00bb.<br \/><strong>Nelson Mandela<\/strong> en est le premier laur\u00e9at.<br \/>Un espace d&#039;exposition permet de d\u00e9couvrir des documents relatifs \u00e0 la vie de Trarieux dans les caves de sa maison natale rue Barbecane. La visite en est gratuite. L&#039;association EDHLUT, c\u00e9\u00e9e en 2003 \u00e0 Aubeterre, a pour but de rendre hommage \u00e0 l&#039;homme serviable, courtois et d\u00e9termin\u00e9 que fut Ludovic Trarieux. Son buste en bronze install\u00e9 au centre du village en 1928, enlev\u00e9 et fondu durant l&#039;occupation, vol\u00e9 en 1987, puis remplac\u00e9, rappelle \u00e0 tous le souvenir de notre illustre concitoyen.<\/p>\n<p>\n<\/div><\/div><\/div><\/div><\/div><\/section>\n","protected":false},"excerpt":{"rendered":"","protected":false},"author":1,"featured_media":0,"parent":0,"menu_order":4,"comment_status":"closed","ping_status":"closed","template":"full-width-page.php","meta":[],"_links":{"self":[{"href":"https:\/\/www.aubeterresurdronne.com\/index.php?rest_route=\/wp\/v2\/pages\/42"}],"collection":[{"href":"https:\/\/www.aubeterresurdronne.com\/index.php?rest_route=\/wp\/v2\/pages"}],"about":[{"href":"https:\/\/www.aubeterresurdronne.com\/index.php?rest_route=\/wp\/v2\/types\/page"}],"author":[{"embeddable":true,"href":"https:\/\/www.aubeterresurdronne.com\/index.php?rest_route=\/wp\/v2\/users\/1"}],"replies":[{"embeddable":true,"href":"https:\/\/www.aubeterresurdronne.com\/index.php?rest_route=%2Fwp%2Fv2%2Fcomments&post=42"}],"version-history":[{"count":0,"href":"https:\/\/www.aubeterresurdronne.com\/index.php?rest_route=\/wp\/v2\/pages\/42\/revisions"}],"wp:attachment":[{"href":"https:\/\/www.aubeterresurdronne.com\/index.php?rest_route=%2Fwp%2Fv2%2Fmedia&parent=42"}],"curies":[{"name":"wp","href":"https:\/\/api.w.org\/{rel}","templated":true}]}}