{"id":46,"date":"2014-02-06T13:21:23","date_gmt":"2014-02-06T12:21:23","guid":{"rendered":"http:\/\/s513976250.onlinehome.fr\/?page_id=46"},"modified":"2025-06-22T10:35:16","modified_gmt":"2025-06-22T08:35:16","slug":"eglise-souterraine","status":"publish","type":"page","link":"https:\/\/www.aubeterresurdronne.com\/?page_id=46","title":{"rendered":"L&rsquo;eglise souterraine"},"content":{"rendered":"<section class=\"kc-elm kc-css-789651 kc_row\"><div class=\"kc-row-container  kc-container\"><div class=\"kc-wrap-columns\"><div class=\"kc-elm kc-css-685507 kc_col-sm-12 kc_column kc_col-sm-12\"><div class=\"kc-col-container\"><div class=\"kc-elm kc-css-896679 kc_row kc_row_inner\"><div class=\"kc-elm kc-css-273695 kc_col-sm-12 kc_column_inner kc_col-sm-12\"><div class=\"kc_wrapper kc-col-inner-container\">\n<div class=\"kc-elm kc-css-464335 kc-title-wrap \">\n\n\t<h3 class=\"kc_title\">L'\u00e9glise souterraine Saint Jean<\/h3>\n<\/div>\n<div class=\"kc-elm kc-css-62499 kc_text_block\"><\/p>\n<p>\nCreus\u00e9e au XII\u00e8 si\u00e8cle cette \u00e9glise, qui t\u00e9moigne de la ferveur chr\u00e9tienne au Moyen Age, appara\u00eet comme un lieu d&rsquo;intense \u00e9motion.<\/p>\n<p><a href=\"https:\/\/www.aubeterresurdronne.com\/wp-content\/uploads\/2014\/02\/st-jean5.png\"><img decoding=\"async\" class=\"alignright wp-image-962\" src=\"https:\/\/www.aubeterresurdronne.com\/wp-content\/uploads\/2014\/02\/st-jean5-250x187.png\" alt=\"st-jean5\" width=\"287\" height=\"215\" srcset=\"https:\/\/www.aubeterresurdronne.com\/wp-content\/uploads\/2014\/02\/st-jean5-250x187.png 250w, https:\/\/www.aubeterresurdronne.com\/wp-content\/uploads\/2014\/02\/st-jean5-100x75.png 100w, https:\/\/www.aubeterresurdronne.com\/wp-content\/uploads\/2014\/02\/st-jean5-150x112.png 150w, https:\/\/www.aubeterresurdronne.com\/wp-content\/uploads\/2014\/02\/st-jean5-200x150.png 200w, https:\/\/www.aubeterresurdronne.com\/wp-content\/uploads\/2014\/02\/st-jean5-300x225.png 300w, https:\/\/www.aubeterresurdronne.com\/wp-content\/uploads\/2014\/02\/st-jean5-450x337.png 450w, https:\/\/www.aubeterresurdronne.com\/wp-content\/uploads\/2014\/02\/st-jean5-600x450.png 600w, https:\/\/www.aubeterresurdronne.com\/wp-content\/uploads\/2014\/02\/st-jean5-500x375.png 500w, https:\/\/www.aubeterresurdronne.com\/wp-content\/uploads\/2014\/02\/st-jean5-24x18.png 24w, https:\/\/www.aubeterresurdronne.com\/wp-content\/uploads\/2014\/02\/st-jean5-36x27.png 36w, https:\/\/www.aubeterresurdronne.com\/wp-content\/uploads\/2014\/02\/st-jean5-48x36.png 48w, https:\/\/www.aubeterresurdronne.com\/wp-content\/uploads\/2014\/02\/st-jean5.png 800w\" sizes=\"(max-width: 287px) 100vw, 287px\" \/><\/a>Sa vocation premi\u00e8re fut d&rsquo;abriter des reliques conserv\u00e9es dans une succession de fosses et dans un reliquaire dont la forme s&rsquo;inspire de celle du Saint s\u00e9pulcre d\u00e9couvert \u00e0 J\u00e9rusalem lors de la premi\u00e8re croisade . Il a \u00e9t\u00e9 r\u00e9alis\u00e9 par \u00e9videment de la paroi calcaire. Il peut donc \u00eatre qualifi\u00e9 de monolithe.<\/p>\n<p><a href=\"https:\/\/www.aubeterresurdronne.com\/wp-content\/uploads\/2014\/02\/st-jean2.png\"><img decoding=\"async\" class=\"size-medium wp-image-964 alignleft\" src=\"https:\/\/www.aubeterresurdronne.com\/wp-content\/uploads\/2014\/02\/st-jean2-187x250.png\" alt=\"Eglise St Jean Aubeterre\" width=\"187\" height=\"250\" srcset=\"https:\/\/www.aubeterresurdronne.com\/wp-content\/uploads\/2014\/02\/st-jean2-187x250.png 187w, https:\/\/www.aubeterresurdronne.com\/wp-content\/uploads\/2014\/02\/st-jean2-250x333.png 250w, https:\/\/www.aubeterresurdronne.com\/wp-content\/uploads\/2014\/02\/st-jean2-100x133.png 100w, https:\/\/www.aubeterresurdronne.com\/wp-content\/uploads\/2014\/02\/st-jean2-150x200.png 150w, https:\/\/www.aubeterresurdronne.com\/wp-content\/uploads\/2014\/02\/st-jean2-200x266.png 200w, https:\/\/www.aubeterresurdronne.com\/wp-content\/uploads\/2014\/02\/st-jean2-300x400.png 300w, https:\/\/www.aubeterresurdronne.com\/wp-content\/uploads\/2014\/02\/st-jean2-450x600.png 450w, https:\/\/www.aubeterresurdronne.com\/wp-content\/uploads\/2014\/02\/st-jean2-375x500.png 375w, https:\/\/www.aubeterresurdronne.com\/wp-content\/uploads\/2014\/02\/st-jean2-18x24.png 18w, https:\/\/www.aubeterresurdronne.com\/wp-content\/uploads\/2014\/02\/st-jean2-27x36.png 27w, https:\/\/www.aubeterresurdronne.com\/wp-content\/uploads\/2014\/02\/st-jean2-36x48.png 36w, https:\/\/www.aubeterresurdronne.com\/wp-content\/uploads\/2014\/02\/st-jean2.png 600w\" sizes=\"(max-width: 187px) 100vw, 187px\" \/><\/a>Les p\u00e9lerins en route pour Compostelle pouvaient se recueillir devant les reliques dont le r\u00f4le protecteur \u00e9tait alors tr\u00e8s puissant.<br \/>Une \u00e9glise abrit\u00e9e sous la roche; et sa crypte aujourd&rsquo;hui accessible ont d\u00fb exister avant le creusement de la vaste salle que l&rsquo;on d\u00e9couvre derri\u00e8re le mur de soutien b\u00e2ti au XVII\u00b0 si\u00e8cle.<\/p>\n<p>Ses dimensions impressionnantes ajoutent au myst\u00e8re et son sol creus\u00e9 de centaines de tombes montrent l&rsquo;importance sacr\u00e9e du lieu.<br \/>Cette vaste n\u00e9cropole soumise \u00e0 l&rsquo;usure du temps trouve sans doute les sources de son origine dans<br \/>le souvenir de ses soeurs troglodytiques de Cappadoce d\u00e9couvertes par les crois\u00e9s.<\/p>\n<p>D&rsquo; innombrales p\u00e9lerins, au fil des si\u00e8cles ont d\u00e9ambul\u00e9 dans ce lieu o\u00f9 se per\u00e7oit la longue filiation des cultes li\u00e9s \u00e0 la terre et \u00e0 l&rsquo;eau des sources qui ont nourri la croyance des hommes avant l&rsquo; \u00e8re chr\u00e9tienne . La magie du lieu op\u00e8re aujourd&rsquo;hui encore sur tous ceux qui la visitent.<\/p>\n<p>\n<\/div><div class=\"kc-elm kc-css-541255\" style=\"height: 6px; clear: both; width:100%;\"><\/div>\n<div class=\"kc-elm kc-css-183559 divider_line\">\n\t<div class=\"divider_inner divider_line3\">\n\t\t<span class=\"line_text\">Horaire d:apos:ouverture<\/span>\t<\/div>\n<\/div>\n<div class=\"kc-elm kc-css-666692 kc_text_block\"><\/p>\n<p>Ouverture toute l&rsquo;ann\u00e9e du 2 janvier au 31 d\u00e9cembre sauf le 25 d\u00e9cembre et le 1er janvier.<\/p>\n<p style=\"text-align: center;\"><em><strong><a href=\"https:\/\/lc.cx\/d-PrEt\" target=\"_blank\" rel=\"noopener\">Nouveaux horaires 2025 clique ici<\/a><\/strong><\/em><\/p>\n<p>Juillet et Ao\u00fbt : visites comment\u00e9es \u00e0 11h et 15h (minimum 10 personnes)<\/p>\n<p>Site internet : <a href=\"https:\/\/eglisesouterraineaubeterre.fr\/\" target=\"_blank\" rel=\"noopener\">https:\/\/eglisesouterraineaubeterre.fr\/<\/a><\/p>\n<\/p>\n<p>\n<\/div><\/div><\/div><\/div><div class=\"kc-elm kc-css-209243 kc_row kc_row_inner\"><div class=\"kc-elm kc-css-629610 kc_col-sm-6 kc_column_inner kc_col-sm-6\"><div class=\"kc_wrapper kc-col-inner-container\">\n<div class=\"kc-elm kc-css-780149 kc-title-wrap \">\n\n\t<h4 class=\"kc_title\">Tarifs<\/h4>\n<\/div>\n<div class=\"kc-elm kc-css-599571 kc_text_block\"><\/p>\n<ul>\n<li><strong>Adulte<\/strong>: 8\u20ac<\/li>\n<li><strong>Enfant<\/strong> de 8 \u00e0 12 ans: 3 \u20ac,<\/li>\n<li><strong>Enfant<\/strong><em>\u00a0 jusqu&rsquo;\u00e0 7 ans: gratuit<\/em><\/li>\n<li><strong>Scolaires, \u00e9tudiants, personnes handicap\u00e9es<\/strong>: 4\u20ac .<\/li>\n<li><strong>Groupe \u00e0 partir de 20 personnes<\/strong>: 7\u20ac (gratuit\u00e9 pour les chauffeurs )<\/li>\n<li>Journ\u00e9es du patrimoine: 2\u20ac ( enfants \u00e0 partir de 12 ans, adultes et groupes )<\/li>\n<\/ul>\n<p>\n<\/div><\/div><\/div><div class=\"kc-elm kc-css-553913 kc_col-sm-6 kc_column_inner kc_col-sm-6\"><div class=\"kc_wrapper kc-col-inner-container\">\n<div class=\"kc-elm kc-css-890928 kc-title-wrap \">\n\n\t<h4 class=\"kc_title\">Contact<\/h4>\n<\/div>\n<div class=\"kc-elm kc-css-347098 kc_text_block\"><\/p>\n<p>Eglise Souterraine Saint-Jean<br \/>Rue Saint Jean<br \/>16390 Aubeterre sir Dronne<br \/>T\u00e9l: 05.45.98.65.06<\/p>\n<p><a href=\"mailto:eglisemonolithe16@gmail.com\">eglisemonolithe16@gmail.com<\/a><\/p>\n<p>\n<\/div><\/div><\/div><\/div>\n<div class=\"kc-elm kc-css-603262 divider_line\">\n\t<div class=\"divider_inner divider_line3\">\n\t\t<span class=\"line_text\">Aubeterre \u00e0 l\u2019honneur sur France 5<\/span>\t<\/div>\n<\/div>\n<div class=\"kc-elm kc-css-700305 kc_row kc_row_inner\"><div class=\"kc-elm kc-css-27313 kc_col-sm-12 kc_column_inner kc_col-sm-12\"><div class=\"kc_wrapper kc-col-inner-container\"><div class=\"kc-elm kc-css-177334 kc_text_block\"><\/p>\n<p>\n<a href=\"https:\/\/www.france.tv\/france-5\/la-quotidienne\/la-quotidienne-saison-6\/825025-a-aubeterre-sur-dronne-une-eglise-taillee-dans-le-roc-la-quotidienne.html\" target=\"_blank\" rel=\"noopener noreferrer\"><img decoding=\"async\" class=\"wp-image-2451 size-medium\" src=\"https:\/\/www.aubeterresurdronne.com\/wp-content\/uploads\/2018\/11\/france5-250x139.jpg\" alt=\"france5 aubeterre\" width=\"250\" height=\"139\" srcset=\"https:\/\/www.aubeterresurdronne.com\/wp-content\/uploads\/2018\/11\/france5-250x139.jpg 250w, https:\/\/www.aubeterresurdronne.com\/wp-content\/uploads\/2018\/11\/france5-100x55.jpg 100w, https:\/\/www.aubeterresurdronne.com\/wp-content\/uploads\/2018\/11\/france5-150x83.jpg 150w, https:\/\/www.aubeterresurdronne.com\/wp-content\/uploads\/2018\/11\/france5-200x111.jpg 200w, https:\/\/www.aubeterresurdronne.com\/wp-content\/uploads\/2018\/11\/france5-300x167.jpg 300w, https:\/\/www.aubeterresurdronne.com\/wp-content\/uploads\/2018\/11\/france5-450x251.jpg 450w, https:\/\/www.aubeterresurdronne.com\/wp-content\/uploads\/2018\/11\/france5-600x334.jpg 600w, https:\/\/www.aubeterresurdronne.com\/wp-content\/uploads\/2018\/11\/france5-900x502.jpg 900w, https:\/\/www.aubeterresurdronne.com\/wp-content\/uploads\/2018\/11\/france5-500x279.jpg 500w, https:\/\/www.aubeterresurdronne.com\/wp-content\/uploads\/2018\/11\/france5-24x13.jpg 24w, https:\/\/www.aubeterresurdronne.com\/wp-content\/uploads\/2018\/11\/france5-36x20.jpg 36w, https:\/\/www.aubeterresurdronne.com\/wp-content\/uploads\/2018\/11\/france5-48x26.jpg 48w, https:\/\/www.aubeterresurdronne.com\/wp-content\/uploads\/2018\/11\/france5.jpg 930w\" sizes=\"(max-width: 250px) 100vw, 250px\" \/><\/a><\/p>\n<p>\n<\/div><\/div><\/div><\/div><\/div><\/div><\/div><\/div><\/section>\n","protected":false},"excerpt":{"rendered":"","protected":false},"author":1,"featured_media":0,"parent":40,"menu_order":3,"comment_status":"closed","ping_status":"closed","template":"full-width-page.php","meta":[],"_links":{"self":[{"href":"https:\/\/www.aubeterresurdronne.com\/index.php?rest_route=\/wp\/v2\/pages\/46"}],"collection":[{"href":"https:\/\/www.aubeterresurdronne.com\/index.php?rest_route=\/wp\/v2\/pages"}],"about":[{"href":"https:\/\/www.aubeterresurdronne.com\/index.php?rest_route=\/wp\/v2\/types\/page"}],"author":[{"embeddable":true,"href":"https:\/\/www.aubeterresurdronne.com\/index.php?rest_route=\/wp\/v2\/users\/1"}],"replies":[{"embeddable":true,"href":"https:\/\/www.aubeterresurdronne.com\/index.php?rest_route=%2Fwp%2Fv2%2Fcomments&post=46"}],"version-history":[{"count":28,"href":"https:\/\/www.aubeterresurdronne.com\/index.php?rest_route=\/wp\/v2\/pages\/46\/revisions"}],"predecessor-version":[{"id":5343,"href":"https:\/\/www.aubeterresurdronne.com\/index.php?rest_route=\/wp\/v2\/pages\/46\/revisions\/5343"}],"up":[{"embeddable":true,"href":"https:\/\/www.aubeterresurdronne.com\/index.php?rest_route=\/wp\/v2\/pages\/40"}],"wp:attachment":[{"href":"https:\/\/www.aubeterresurdronne.com\/index.php?rest_route=%2Fwp%2Fv2%2Fmedia&parent=46"}],"curies":[{"name":"wp","href":"https:\/\/api.w.org\/{rel}","templated":true}]}}