{"id":61,"date":"2014-02-06T13:30:24","date_gmt":"2014-02-06T12:30:24","guid":{"rendered":"http:\/\/s513976250.onlinehome.fr\/?page_id=61"},"modified":"2025-01-30T16:07:48","modified_gmt":"2025-01-30T15:07:48","slug":"vie-associative","status":"publish","type":"page","link":"https:\/\/www.aubeterresurdronne.com\/?page_id=61","title":{"rendered":"Vie associative"},"content":{"rendered":"<p><section class=\"kc-elm kc-css-618265 kc_row\"><div class=\"kc-row-container  kc-container\"><div class=\"kc-wrap-columns\"><div class=\"kc-elm kc-css-401697 kc_col-sm-12 kc_column kc_col-sm-12\"><div class=\"kc-col-container\">\n<div class=\"kc-elm kc-css-389508 kc-title-wrap \">\n\n\t<h3 class=\"kc_title\">Vie associative<\/h3>\n<\/div>\n\n<div class=\"kc-elm kc-css-730262 divider_line\">\n\t<div class=\"divider_inner divider_line2\">\n\t\t<i class=\"fa-angle-down\"><\/i>\t<\/div>\n<\/div>\n\n<div class=\"kc-elm kc-css-916785 divider_line\">\n\t<div class=\"divider_inner divider_line3\">\n\t\t<span class=\"line_text\">ALBATERRA<\/span>\t<\/div>\n<\/div>\n<div class=\"kc-elm kc-css-588952 kc_row kc_row_inner\"><div class=\"kc-elm kc-css-536247 kc_col-sm-8 kc_column_inner kc_col-sm-8\"><div class=\"kc_wrapper kc-col-inner-container\"><div class=\"kc-elm kc-css-168733 kc_text_block\"><\/p>\n<p>Con\u00e7ue et cr\u00e9e en 2016 par neuf c\u00e9ramistes dans la r\u00e9gion d\u2019Aubeterre sur Dronne (16), l\u2019association Albaterra \u00a0se donne pour objet de:<\/p>\n<ul>\n<li>Valoriser et de promouvoir le \u00ab\u00a0patrimoine culturel immat\u00e9riel\u00a0\u00bb et \u00ab\u00a0vivant\u00a0\u00bb des m\u00e9tiers de la c\u00e9ramique en Charente<\/li>\n<li>Repr\u00e9senter les adh\u00e9rents et la profession en g\u00e9n\u00e9ral aupr\u00e8s des pouvoirs publics<\/li>\n<li>Favoriser et renforcer les liens de solidarit\u00e9 et les \u00e9changes entre c\u00e9ramiste\u00a0et autre cr\u00e9ateurs d\u2019ici et d\u2019ailleurs.<\/li>\n<\/ul>\n<p>Site internet :\u00a0 <a href=\"https:\/\/www.albaterra.fr\/\" target=\"_blank\" rel=\"noopener\">Albaterra \u2013 Association de potiers<\/a><a href=\"https:\/\/www.albaterra.fr\/\" target=\"_blank\" rel=\"noopener\"><br \/><\/a><\/p>\n<p>\n<\/div><\/div><\/div><div class=\"kc-elm kc-css-356523 kc_col-sm-4 kc_column_inner kc_col-sm-4\"><div class=\"kc_wrapper kc-col-inner-container\"><div class=\"kc-elm kc-css-996294 kc_shortcode kc_single_image\">\n\n        <img src=\"https:\/\/www.aubeterresurdronne.com\/wp-content\/uploads\/2022\/04\/albaterra.jpg\" class=\"\" alt=\"\" \/>    <\/div>\n<\/div><\/div><\/div><\/div><\/div><\/div><\/div><\/section><section class=\"kc-elm kc-css-162573 kc_row\"><div class=\"kc-row-container  kc-container\"><div class=\"kc-wrap-columns\"><div class=\"kc-elm kc-css-392163 kc_col-sm-12 kc_column kc_col-sm-12\"><div class=\"kc-col-container\">\n<div class=\"kc-elm kc-css-138026 divider_line\">\n\t<div class=\"divider_inner divider_line3\">\n\t\t<span class=\"line_text\">Association Chez Marguerite<\/span>\t<\/div>\n<\/div>\n<div class=\"kc-elm kc-css-973813 kc_row kc_row_inner\"><div class=\"kc-elm kc-css-13007 kc_col-sm-12 kc_column_inner kc_col-sm-12\"><div class=\"kc_wrapper kc-col-inner-container\"><div class=\"kc-elm kc-css-\u00bb857414&Prime; kc_row kc_row_inner\"><div class=\"kc-elm kc-css-\u00bb862141&Prime; kc_col-sm-1 kc_column_inner kc_col-sm-1\"><div class=\"kc_wrapper kc-col-inner-container\"><div class=\"kc-elm kc-css-24396 kc_text_block\"><\/p>\n<p><img decoding=\"async\" class=\"alignright \" src=\"https:\/\/www.aubeterresurdronne.com\/wp-content\/uploads\/2022\/04\/marguerite.jpg\" alt=\"association marguerite aubeterre\" width=\"244\" height=\"244\" \/>L\u2019association Chez Marguerite a \u00e9t\u00e9 cr\u00e9\u00e9e le 4 novembre 2021, elle si\u00e8ge au 25 rue Saint-Jacques, dans la Galerie Chez Marguerite (ouverte en 2018).<\/p>\n<p>Son objectif principal est d\u2019organiser des expositions, de faire des publications (livres, catalogues, \u00e9ditions\u2026), l\u2019organisation de spectacles, donner des cours, donner une visibilit\u00e9 aux artistes et aux artisans d\u2019art professionnels.<\/p>\n<p>En recherche constante de nouveaux artistes et nouveaux talents, nous vous invitons \u00e0 contacter la galerie \u00e0 l\u2019adresse : <a href=\"mailto:galerie.chezmarguerite@gmail.com\">galerie.chezmarguerite@gmail.com<\/a><\/p>\n<p>ou par t\u00e9l\u00e9phone au 06.31.84.28.61.<\/p>\n<p>\n<\/div><\/div><\/div><\/div><\/div><\/div><\/div><\/div><\/div><\/div><\/div><\/section><section class=\"kc-elm kc-css-857689 kc_row\"><div class=\"kc-row-container  kc-container\"><div class=\"kc-wrap-columns\"><div class=\"kc-elm kc-css-612811 kc_col-sm-12 kc_column kc_col-sm-12\"><div class=\"kc-col-container\">\n<div class=\"kc-elm kc-css-759228 divider_line\">\n\t<div class=\"divider_inner divider_line3\">\n\t\t<span class=\"line_text\">Al son del Cauto, Une association \u00e0 l:apos:accent cubain.<\/span>\t<\/div>\n<\/div>\n<div class=\"kc-elm kc-css-196717 kc_row kc_row_inner\"><div class=\"kc-elm kc-css-220422 kc_col-sm-8 kc_column_inner kc_col-sm-8\"><div class=\"kc_wrapper kc-col-inner-container\"><div class=\"kc-elm kc-css-823461 kc_text_block\"><\/p>\n<p>\nAl son del Cauto a \u00e9t\u00e9 cr\u00e9\u00e9e pour promouvoir la culture cubaine en tant que partie du patrimoine immat\u00e9riel de l&rsquo;humanit\u00e9, entretenir une correspondance culturelle entre La casa de la Trova de Palma Soriano et l&rsquo;association en France, ainsi que leur apporter une aide mat\u00e9rielle et logistique.<\/p>\n<p>Echo et reflet de la culture cubaine.<\/p>\n<p>Al son del Cauto vous propose eun \u00e9cho du son cubain via ses concerts sur un r\u00e9pertoire puis\u00e9 au c\u0153ur m\u00eame de la tradition du Son.<\/p>\n<p>De C\u00e9lina Gonzales \u00e0 Los Compadres en passant par le Trio Matamoros jusqu&rsquo;\u00e0 Eliades Ochoa, d\u00e9couvrez un parfum sorti tout droit des Caneyes de Cuba.<\/p>\n<p>Venez vous perdre sur les rives du Cauto en d\u00e9couvrant les reflets de la vie cubaine \u00e0 travers nos expositions photos, telle une fen\u00eatre ouverte sur un monde sucr\u00e9 et chaud !<\/p>\n<p><span style=\"text-decoration: underline;\">Raquel Lapouge (pr\u00e9sidente de l&rsquo;association)<\/span><br \/>T\u00e8l : 05 45 79 09 38<br \/>6 rue st Jean<br \/>16390 Aubeterre sur Dronne<br \/><a href=\"mailto:alsondelcauto@hotmail.fr\">alsondelcauto@hotmail.fr<\/a><br \/><a href=\"http:\/\/www.alsondelcauto.fr\" target=\"_blank\" rel=\"noopener\">www.alsondelcauto.fr<\/a><\/p>\n<p>\n<\/div><\/div><\/div><div class=\"kc-elm kc-css-694277 kc_col-sm-4 kc_column_inner kc_col-sm-4\"><div class=\"kc_wrapper kc-col-inner-container\"><div class=\"kc-elm kc-css-837818 kc_shortcode kc_single_image\">\n\n        <img src=\"https:\/\/www.aubeterresurdronne.com\/wp-content\/uploads\/2019\/05\/al-son-del-cauto-300x300xc.jpg\" class=\"\" alt=\"Al son del Cauto\" \/>    <\/div>\n<\/div><\/div><\/div><\/div><\/div><\/div><\/div><\/section><\/p>\n","protected":false},"excerpt":{"rendered":"","protected":false},"author":1,"featured_media":0,"parent":53,"menu_order":4,"comment_status":"open","ping_status":"closed","template":"full-width-page.php","meta":[],"_links":{"self":[{"href":"https:\/\/www.aubeterresurdronne.com\/index.php?rest_route=\/wp\/v2\/pages\/61"}],"collection":[{"href":"https:\/\/www.aubeterresurdronne.com\/index.php?rest_route=\/wp\/v2\/pages"}],"about":[{"href":"https:\/\/www.aubeterresurdronne.com\/index.php?rest_route=\/wp\/v2\/types\/page"}],"author":[{"embeddable":true,"href":"https:\/\/www.aubeterresurdronne.com\/index.php?rest_route=\/wp\/v2\/users\/1"}],"replies":[{"embeddable":true,"href":"https:\/\/www.aubeterresurdronne.com\/index.php?rest_route=%2Fwp%2Fv2%2Fcomments&post=61"}],"version-history":[{"count":12,"href":"https:\/\/www.aubeterresurdronne.com\/index.php?rest_route=\/wp\/v2\/pages\/61\/revisions"}],"predecessor-version":[{"id":5269,"href":"https:\/\/www.aubeterresurdronne.com\/index.php?rest_route=\/wp\/v2\/pages\/61\/revisions\/5269"}],"up":[{"embeddable":true,"href":"https:\/\/www.aubeterresurdronne.com\/index.php?rest_route=\/wp\/v2\/pages\/53"}],"wp:attachment":[{"href":"https:\/\/www.aubeterresurdronne.com\/index.php?rest_route=%2Fwp%2Fv2%2Fmedia&parent=61"}],"curies":[{"name":"wp","href":"https:\/\/api.w.org\/{rel}","templated":true}]}}